{"id":138644,"date":"2024-10-28T14:51:03","date_gmt":"2024-10-28T13:51:03","guid":{"rendered":"https:\/\/ferotehna.kuhada.eu\/wishlist\/"},"modified":"2026-03-02T09:23:00","modified_gmt":"2026-03-02T08:23:00","slug":"wishlist","status":"publish","type":"page","link":"https:\/\/staging.ferotehna.kuhada.eu\/en\/wishlist\/","title":{"rendered":"Wishlist"},"content":{"rendered":"\t\t\n\t\t\n\n\t\t\t\t<div class=\"\" >\n\t\t\t\t\t\t<div class=\"wd-wishlist-content\">\n\t\t\t\t\t\t\t\t\t\t\t\n\t\t<p class=\"wd-empty-wishlist wd-empty-page\">\n\t\t\tThis wishlist is empty.\t\t<\/p>\n\n\t\t\t\t\t<div class=\"wd-empty-page-text\">\n\t\t\t\tJo\u0161 nemate nijedan proizvod na listi \u017eelja. <br> U na\u0161oj web trgovini  \u0107ete prona\u0107i mnogo zanimljivih proizvoda.\t\t\t<\/div>\n\t\t\n\t\t\n\t\t\t\t\t<p class=\"return-to-shop\">\n\t\t\t\t<a class=\"button\" href=\"https:\/\/staging.ferotehna.kuhada.eu\/en\/shop\/\">\n\t\t\t\t\tReturn to shop\t\t\t\t<\/a>\n\t\t\t<\/p>\n\t\t\t\t\t\t\t\t\t\t\t<\/div>\n\t\t\t\t<\/div>\n\t\t\n","protected":false},"excerpt":{"rendered":"","protected":false},"author":1,"featured_media":0,"parent":0,"menu_order":0,"comment_status":"closed","ping_status":"closed","template":"","meta":{"footnotes":""},"class_list":["post-138644","page","type-page","status-publish","hentry"],"_links":{"self":[{"href":"https:\/\/staging.ferotehna.kuhada.eu\/en\/wp-json\/wp\/v2\/pages\/138644","targetHints":{"allow":["GET"]}}],"collection":[{"href":"https:\/\/staging.ferotehna.kuhada.eu\/en\/wp-json\/wp\/v2\/pages"}],"about":[{"href":"https:\/\/staging.ferotehna.kuhada.eu\/en\/wp-json\/wp\/v2\/types\/page"}],"author":[{"embeddable":true,"href":"https:\/\/staging.ferotehna.kuhada.eu\/en\/wp-json\/wp\/v2\/users\/1"}],"replies":[{"embeddable":true,"href":"https:\/\/staging.ferotehna.kuhada.eu\/en\/wp-json\/wp\/v2\/comments?post=138644"}],"version-history":[{"count":1,"href":"https:\/\/staging.ferotehna.kuhada.eu\/en\/wp-json\/wp\/v2\/pages\/138644\/revisions"}],"predecessor-version":[{"id":138645,"href":"https:\/\/staging.ferotehna.kuhada.eu\/en\/wp-json\/wp\/v2\/pages\/138644\/revisions\/138645"}],"wp:attachment":[{"href":"https:\/\/staging.ferotehna.kuhada.eu\/en\/wp-json\/wp\/v2\/media?parent=138644"}],"curies":[{"name":"wp","href":"https:\/\/api.w.org\/{rel}","templated":true}]}}